{"id":492,"date":"2025-01-03T13:39:06","date_gmt":"2025-01-03T12:39:06","guid":{"rendered":"https:\/\/dummy.xtemos.com\/woodmart2\/marketplace2\/?post_type=product&#038;p=492"},"modified":"2025-11-14T15:16:26","modified_gmt":"2025-11-14T14:16:26","slug":"krmitko-flat-rika-s-hacky-na-zemi","status":"publish","type":"product","link":"https:\/\/profmontaz.cz\/velkoobchod\/produkt\/krmitko-flat-rika-s-hacky-na-zemi\/","title":{"rendered":"Krm\u00edtko Flat-Rika s h\u00e1\u010dky na zemi Individu\u00e1ln\u00ed balen\u00ed (1 kus\/bal)"},"content":{"rendered":"<div class=\"wpb-content-wrapper\"><p>[vc_row][vc_column][vc_column_text]<\/p>\n<p class=\"p1\">Krm\u00edtko Flat-River se zemn\u00edmi hroty \u2013 speci\u00e1ln\u00ed tvar a konstrukce tohoto flatov\u00e9ho krm\u00edtka byly navr\u017eeny p\u0159\u00edmo pro pou\u017eit\u00ed na vodn\u00edch ploch\u00e1ch s proudem. D\u00edky p\u0159\u00edtomnosti hrot\u016f na z\u00e1t\u011b\u017ei a obd\u00e9ln\u00edkov\u00e9mu tvaru dr\u017e\u00ed krm\u00edtko perfektn\u011b na m\u00edst\u011b i v siln\u00e9m proudu. Doporu\u010dujeme jej tak\u00e9 p\u0159i rybolovu na hran\u00e1ch a svaz\u00edch dna. Nez\u00e1visle na hmotnosti umo\u017enil lichob\u011b\u017en\u00edkov\u00fd tvar posunut\u00ed t\u011b\u017ei\u0161t\u011b sm\u011brem k zadn\u00ed \u010d\u00e1sti, co\u017e v\u00fdrazn\u011b zlep\u0161ilo d\u00e9lku n\u00e1hozu. Krm\u00edtko Flat-River je univerz\u00e1ln\u00ed a vhodn\u00e9 pro v\u0161echny typy methodov\u00fdch krmn\u00fdch sm\u011bs\u00ed a pelet. Mont\u00e1\u017ee s t\u00edmto krm\u00edtkem jsou ide\u00e1ln\u00ed pro lov ryb, kter\u00e9 se krm\u00ed u dna \u2013 jako je kapr, karas, l\u00edn, cejn a dal\u0161\u00ed. \u0160irok\u00fd v\u00fdb\u011br hmotnost\u00ed od 60 g do 140 g umo\u017e\u0148uje zvolit ide\u00e1ln\u00ed variantu pro jak\u00e9koli podm\u00ednky rybolovu.<\/p>\n<p>[\/vc_column_text][vc_column_text css=&#8220;&#8220; woodmart_inline=&#8220;no&#8220; text_larger=&#8220;no&#8220;]<\/p>\n<p>[\/vc_column_text][\/vc_column][\/vc_row]<\/p>\n<\/div>","protected":false},"excerpt":{"rendered":"<p>[vc_row][vc_column][vc_column_text] Krm\u00edtko Flat-River se zemn\u00edmi hroty \u2013 speci\u00e1ln\u00ed tvar a konstrukce tohoto flatov\u00e9ho krm\u00edtka byly navr\u017eeny p\u0159\u00edmo pro pou\u017eit\u00ed na<\/p>\n","protected":false},"featured_media":4484,"template":"","meta":[],"product_brand":[64],"product_cat":[15,101],"product_tag":[],"class_list":{"0":"post-492","1":"product","2":"type-product","3":"status-publish","4":"has-post-thumbnail","6":"product_brand-profmontaz","7":"product_cat-rybarska-krmitka","8":"product_cat-method-feederova-krmitka","10":"first","11":"instock","12":"taxable","13":"shipping-taxable","14":"purchasable","15":"product-type-variable"},"_links":{"self":[{"href":"https:\/\/profmontaz.cz\/velkoobchod\/wp-json\/wp\/v2\/product\/492","targetHints":{"allow":["GET"]}}],"collection":[{"href":"https:\/\/profmontaz.cz\/velkoobchod\/wp-json\/wp\/v2\/product"}],"about":[{"href":"https:\/\/profmontaz.cz\/velkoobchod\/wp-json\/wp\/v2\/types\/product"}],"wp:featuredmedia":[{"embeddable":true,"href":"https:\/\/profmontaz.cz\/velkoobchod\/wp-json\/wp\/v2\/media\/4484"}],"wp:attachment":[{"href":"https:\/\/profmontaz.cz\/velkoobchod\/wp-json\/wp\/v2\/media?parent=492"}],"wp:term":[{"taxonomy":"product_brand","embeddable":true,"href":"https:\/\/profmontaz.cz\/velkoobchod\/wp-json\/wp\/v2\/product_brand?post=492"},{"taxonomy":"product_cat","embeddable":true,"href":"https:\/\/profmontaz.cz\/velkoobchod\/wp-json\/wp\/v2\/product_cat?post=492"},{"taxonomy":"product_tag","embeddable":true,"href":"https:\/\/profmontaz.cz\/velkoobchod\/wp-json\/wp\/v2\/product_tag?post=492"}],"curies":[{"name":"wp","href":"https:\/\/api.w.org\/{rel}","templated":true}]}}