{"id":4993,"date":"2026-03-07T15:57:30","date_gmt":"2026-03-07T14:57:30","guid":{"rendered":"https:\/\/profmontaz.cz\/velkoobchod\/?post_type=product&#038;p=4993"},"modified":"2026-03-07T16:01:32","modified_gmt":"2026-03-07T15:01:32","slug":"zatez-jig-rig-3g-10g-10-kusu-bal-barva-cerna","status":"publish","type":"product","link":"https:\/\/profmontaz.cz\/velkoobchod\/produkt\/zatez-jig-rig-3g-10g-10-kusu-bal-barva-cerna\/","title":{"rendered":"Z\u00e1t\u011b\u017e Jig-rig 3g-10g (10 kus\u016f\/bal): barva \u010dern\u00e1."},"content":{"rendered":"<div class=\"wpb-content-wrapper\"><p>[vc_row][vc_column][vc_column_text css=&#8220;&#8220; woodmart_inline=&#8220;no&#8220; text_larger=&#8220;no&#8220;]<\/p>\n<div class=\"wd-single-content wd-wpb wd-rs-67bc92733b170 vc_custom_1740411516853\">\n<div class=\"wpb-content-wrapper\">\n<div class=\"vc_row wpb_row vc_row-fluid\">\n<div class=\"wpb_column vc_column_container vc_col-sm-12\">\n<div class=\"vc_column-inner\">\n<div class=\"wpb_wrapper\">\n<div id=\"wd-69a87a0a94655\" class=\"wd-text-block wd-wpb reset-last-child wd-rs-69a87a0a94655 text-center vc_custom_1772648979595\">\n<p>Z\u00e1t\u011b\u017e Jig-rig barva \u010dern\u00e1. je univerz\u00e1ln\u00ed n\u00e1straha pro lov drav\u00fdch ryb v r\u016fzn\u00fdch podm\u00ednk\u00e1ch. Jasn\u00fd fluorescen\u010dn\u00ed povrch \u010din\u00ed olovo dob\u0159e viditeln\u00fdm i v kaln\u00e9 vod\u011b nebo ve v\u011bt\u0161\u00ed hloubce, \u010d\u00edm\u017e p\u0159itahuje pozornost ryb k n\u00e1straze. D\u00edky barven\u00ed je olovo tak\u00e9 odoln\u00e9 v\u016f\u010di korozi, co\u017e prodlu\u017euje jeho \u017eivotnost. Je to skv\u011bl\u00e1 volba pro lov \u0161tiky, okouna nebo cand\u00e1ta na vodn\u00edch ploch\u00e1ch se slo\u017eit\u00fdm reli\u00e9fem dna.<\/p>\n<\/div>\n<\/div>\n<\/div>\n<\/div>\n<\/div>\n<\/div>\n<\/div>\n<p>[\/vc_column_text][\/vc_column][\/vc_row][vc_row][vc_column][vc_column_text css=&#8220;&#8220; woodmart_inline=&#8220;no&#8220; text_larger=&#8220;no&#8220;]<\/p>\n<p>[\/vc_column_text][\/vc_column][\/vc_row]<\/p>\n<\/div>","protected":false},"excerpt":{"rendered":"<p>[vc_row][vc_column][vc_column_text css=&#8220;&#8220; woodmart_inline=&#8220;no&#8220; text_larger=&#8220;no&#8220;] Z\u00e1t\u011b\u017e Jig-rig barva \u010dern\u00e1. je univerz\u00e1ln\u00ed n\u00e1straha pro lov drav\u00fdch ryb v r\u016fzn\u00fdch podm\u00ednk\u00e1ch. Jasn\u00fd fluorescen\u010dn\u00ed<\/p>\n","protected":false},"featured_media":4953,"template":"","meta":[],"product_brand":[64],"product_cat":[257,111,255],"product_tag":[],"class_list":{"0":"post-4993","1":"product","2":"type-product","3":"status-publish","4":"has-post-thumbnail","6":"product_brand-profmontaz","7":"product_cat-privlacove-zateze","8":"product_cat-vlaceci-nastrahy","9":"product_cat-zateze-pro-privlac","11":"first","12":"instock","13":"taxable","14":"shipping-taxable","15":"purchasable","16":"product-type-variable"},"_links":{"self":[{"href":"https:\/\/profmontaz.cz\/velkoobchod\/wp-json\/wp\/v2\/product\/4993","targetHints":{"allow":["GET"]}}],"collection":[{"href":"https:\/\/profmontaz.cz\/velkoobchod\/wp-json\/wp\/v2\/product"}],"about":[{"href":"https:\/\/profmontaz.cz\/velkoobchod\/wp-json\/wp\/v2\/types\/product"}],"wp:featuredmedia":[{"embeddable":true,"href":"https:\/\/profmontaz.cz\/velkoobchod\/wp-json\/wp\/v2\/media\/4953"}],"wp:attachment":[{"href":"https:\/\/profmontaz.cz\/velkoobchod\/wp-json\/wp\/v2\/media?parent=4993"}],"wp:term":[{"taxonomy":"product_brand","embeddable":true,"href":"https:\/\/profmontaz.cz\/velkoobchod\/wp-json\/wp\/v2\/product_brand?post=4993"},{"taxonomy":"product_cat","embeddable":true,"href":"https:\/\/profmontaz.cz\/velkoobchod\/wp-json\/wp\/v2\/product_cat?post=4993"},{"taxonomy":"product_tag","embeddable":true,"href":"https:\/\/profmontaz.cz\/velkoobchod\/wp-json\/wp\/v2\/product_tag?post=4993"}],"curies":[{"name":"wp","href":"https:\/\/api.w.org\/{rel}","templated":true}]}}